{"id":234,"date":"2025-02-05T18:31:20","date_gmt":"2025-02-05T23:31:20","guid":{"rendered":"https:\/\/rcr-hybride.com\/formation\/?post_type=product&#038;p=234"},"modified":"2025-10-14T13:07:58","modified_gmt":"2025-10-14T17:07:58","slug":"formation-en-ligne-soins-immediats-en-reanimation-sir-horaire","status":"publish","type":"product","link":"https:\/\/rcrhybride.com\/formation\/produit\/formation-en-ligne-soins-immediats-en-reanimation-sir-horaire\/","title":{"rendered":"Formation en ligne &#8211; Soins imm\u00e9diats en r\u00e9animation SIR"},"content":{"rendered":"","protected":false},"excerpt":{"rendered":"<br \/>\n<style>\n        body {\n            font-family: Arial, sans-serif;\n            line-height: 1.6;\n            margin: 20px;\n            color: #333;\n        }\n        .container {\n            max-width: 600px;\n            margin: auto;\n            padding: 20px;\n            border: 1px solid #ddd;\n            border-radius: 8px;\n            box-shadow: 2px 2px 12px rgba(0, 0, 0, 0.1);\n        }\n        h2 {\n            color: #e61d2b;\n            text-align: left;\n        }\n        .step {\n            margin-bottom: 15px;\n            font-size: 16px;\n        }\n        .important {\n            color: #e61d2b;\n            font-weight: bold;\n        }\n        .warning {\n            background-color: #ffe6e6;\n            color: #e61d2b;\n            padding: 10px;\n            border-left: 5px solid #e61d2b;\n            margin-top: 10px;\n        }\n        .note {\n            font-size: 12px;\n            margin-top: 15px;\n            text-align: left;\n            font-weight: bold;\n            color: #e61d2b;\n        }\n    <\/style>\n<p><strong>Obtenez votre certification ou renouvellement automatique<\/strong><br \/>\nLes soins de r\u00e9animation imm\u00e9diate SIR sont la formation de base pour les professionnels de la sant\u00e9 et les premiers intervenants qui prodiguent des soins aux patients dans divers contextes hospitaliers et pr\u00e9hospitaliers. En tant que tel, le cours SIR sert de programme de base pour les professionnels de la sant\u00e9.<\/p>\n<h2>\u00c9tapes \u00e0 suivre<\/h2>\n<div class=\"step\"><strong style=\"color: #3a84b5;\">PROC\u00c9DEZ \u00c0 L&rsquo;ACHAT :<\/strong><br \/>\nEffectuez votre paiement de formation ci-dessous.\n<\/div>\n<div class=\"warning\">\u26a0\ufe0f <strong>Veuillez noter :<\/strong> Assurez-vous de choisir la bonne date ! Vous devez r\u00e9ussir le test th\u00e9orique en ligne avant de pouvoir assister \u00e0 la session pratique (environ 1h30). Une fois que vous avez r\u00e9ussi le test, vous aurez 3 mois pour suivre le cours pratique.\n    <\/div>\n<p><\/p>\n<div class=\"step\"><strong style=\"color: #3a84b5;\">V\u00c9RIFIEZ VOS COURRIELS<\/strong><br \/>\nVous recevrez une confirmation et un lien vers votre cours th\u00e9orique en ligne.<\/div>\n<div class=\"step\"><strong style=\"color: #3a84b5;\">FAITES L&rsquo;EXAMEN EN LIGNE AVEC LA CORRECTION AUTOMATIQUE!<\/strong><br \/>\nCompl\u00e9tez votre formation et votre examen en ligne via le lien re\u00e7u par e-mail.<\/div>\n<div class=\"step\"><strong style=\"color: #3a84b5;\">COMPL\u00c9TEZ VOTRE FORMATION EN CLASSE<\/strong><br \/>\nAssistez \u00e0 votre session en personne.<\/div>\n<div class=\"warning\">\n<div class=\"important\"><strong>\u26a0\ufe0f Vous n&rsquo;avez que 2 tentatives pour r\u00e9ussir l&rsquo;examen.<\/strong><\/div>\n<p><strong>Temps de r\u00e9ception du lien :<\/strong> En raison du volume \u00e9lev\u00e9 de demandes, le lien vers le cours de formation en ligne vous sera envoy\u00e9 d\u00e8s que possible. <strong>24 \u00e0 48 heures.<\/strong>\n    <\/div>\n<p><\/p>\n<div class=\"step\">\ud83d\udce9  N&rsquo;oubliez pas de v\u00e9rifier vos dossiers <strong>courrier ind\u00e9sirable<\/strong> et <strong>spam<\/strong> !<\/div>\n","protected":false},"featured_media":116,"template":"","meta":[],"product_brand":[],"product_cat":[16,17],"product_tag":[],"class_list":{"0":"post-234","1":"product","2":"type-product","3":"status-publish","4":"has-post-thumbnail","6":"product_cat-formation","7":"product_cat-hybride","9":"first","10":"instock","11":"virtual","12":"sold-individually","13":"taxable","14":"purchasable","15":"product-type-simple"},"_links":{"self":[{"href":"https:\/\/rcrhybride.com\/formation\/wp-json\/wp\/v2\/product\/234","targetHints":{"allow":["GET"]}}],"collection":[{"href":"https:\/\/rcrhybride.com\/formation\/wp-json\/wp\/v2\/product"}],"about":[{"href":"https:\/\/rcrhybride.com\/formation\/wp-json\/wp\/v2\/types\/product"}],"wp:featuredmedia":[{"embeddable":true,"href":"https:\/\/rcrhybride.com\/formation\/wp-json\/wp\/v2\/media\/116"}],"wp:attachment":[{"href":"https:\/\/rcrhybride.com\/formation\/wp-json\/wp\/v2\/media?parent=234"}],"wp:term":[{"taxonomy":"product_brand","embeddable":true,"href":"https:\/\/rcrhybride.com\/formation\/wp-json\/wp\/v2\/product_brand?post=234"},{"taxonomy":"product_cat","embeddable":true,"href":"https:\/\/rcrhybride.com\/formation\/wp-json\/wp\/v2\/product_cat?post=234"},{"taxonomy":"product_tag","embeddable":true,"href":"https:\/\/rcrhybride.com\/formation\/wp-json\/wp\/v2\/product_tag?post=234"}],"curies":[{"name":"wp","href":"https:\/\/api.w.org\/{rel}","templated":true}]}}